{"id":14,"date":"2020-10-29T11:26:32","date_gmt":"2020-10-29T11:26:32","guid":{"rendered":"https:\/\/shopestar.elastalink.com\/?page_id=14"},"modified":"2021-09-10T11:49:23","modified_gmt":"2021-09-10T11:49:23","slug":"iskustva","status":"publish","type":"page","link":"https:\/\/shopestar.elastalink.com\/en\/reviews\/","title":{"rendered":"review"},"content":{"rendered":"<h2>Real world results<\/h2>\n<p><img decoding=\"async\" src=\"\/wp-content\/uploads\/2021\/04\/testimonijal_1-ESTAR.png\" alt=\"\"><br \/>\n<img decoding=\"async\" src=\"\/wp-content\/uploads\/2020\/11\/five-stars.png\" alt=\"five stars\"><\/p>\n<blockquote>\n<p>Glow up Drops<\/p>\n<p>Direktor sam predstavni\u0161tva australijske korporacije ovde u Srbiji, pa je njihova vremenska zona jedan od va\u017enih faktora u mom funkcionisanju i planiranju dana. Vrlo \u010desto radim zaista neobi\u010dno radno vreme, \u0161to se odra\u017eava na moj ten i uop\u0161te izgled ko\u017ee lica. Uz to, nedavno sam rodila tre\u0107e dete, mo\u017eete zamisliti kako izgleda moja svakodnevnica. Ili jo\u0161 bolje &#8211; ne mo\u017eete. Nedavno mi je prijateljica preporu\u010dila Estar Glow up drops i kunem se da je ovaj serum umanjio vidljivost mojih podo\u010dnjaka. Tako\u0111e \u010desto radim brzu, ne\u017enu masa\u017eu kockom leda po celom licu kako bih pomogla sastojcima da prodru dublje i \u201ezape\u010date\u201c proizvod, tome me je nau\u010dila druga prijateljica J Ova kombinacija zaista moje lice \u010dini sve\u017eijim i daje mu trenutni sjaj \u263a<\/p>\n<footer>\n<p>                <cite>SANDRA K.<\/cite><\/p>\n<\/footer>\n<\/blockquote>\n<p><img decoding=\"async\" src=\"\/wp-content\/uploads\/2021\/04\/testimonijal_2-ESTAR.png\" alt=\"\"><br \/>\n<img decoding=\"async\" src=\"\/wp-content\/uploads\/2020\/11\/five-stars.png\" alt=\"five stars\"><\/p>\n<blockquote>\n<p>Glow up drops<\/p>\n<p>My mother thought me that a simple splash of water in the morning can do miracles for my skin, and that I should blend half of everything I eat and put it on my face as a mask, for an hour or two. Although I like the idea, I do not have much time or energy to do so. Also, I very well understand that squeezing orange juice on my face will prove ineffective for boosting collagen, but being synthesized in a lab with something else \u2013 now that might do the trick. That\u2019s why I look for the products I can trust, products that deliver and fulfill their promises, and so far \u2013 I am happy with the choice I made. Estar Glow up drops give the perfect glow to my skin and I love it. I always have a spare serum in my bathroom, just in case.<\/p>\n<footer>\n<p>                <cite>HELENA P.<\/cite><\/p>\n<\/footer>\n<\/blockquote>\n<p><img decoding=\"async\" src=\"\/wp-content\/uploads\/2021\/04\/ESTAR-testimonijal-3.png\" alt=\"\"><br \/>\n<img decoding=\"async\" src=\"\/wp-content\/uploads\/2020\/11\/five-stars.png\" alt=\"five stars\"><\/p>\n<blockquote>\n<p>Feel the rain drops<\/p>\n<p>It took me some time to understand that overdoing it can also be bad. Using alkaline soaps, cleansing too much, over-exfoliating and aggressive treatments made my skin look dried out and dull, and I am only 22. To be totally honest, I was looking for a product with hemp oil, I heard a lot about it from girls my age. They told me it calms inflammation and moisturizes the skin without clogging pores, and that was enough for me to give it a try. I also love the name Feel the rain drops. Don\u2019t you? Estar changed my skin and more importantly the relationship I had with my skin.<\/p>\n<footer>\n<p>                <cite>JELENA D.<\/cite><\/p>\n<\/footer>\n<\/blockquote>\n<p><img decoding=\"async\" src=\"\/wp-content\/uploads\/2021\/04\/testimonijal_hollistic-copy.png\" alt=\"\"><br \/>\n<img decoding=\"async\" src=\"\/wp-content\/uploads\/2020\/11\/five-stars.png\" alt=\"five stars\"><\/p>\n<blockquote>\n<p>Drops of Moonlight<\/p>\n<p>Unfortunately, air pollution is a huge issue here in Serbia (I try to organize escapes to nature whenever possible), and apart from all the health damage it causes to all of us \u2013 it\u2019s a very powerful skin barrier disruptor. When I clean my face at night it\u2019s literally gray even though I do not use any make up. That is why I do my part of the job and let Estar Moonlight Drops do the rest. I love what organic plum oil does to my skin. The fine velvet-like barrier makes me feel like I am doing the best to protect it.<\/p>\n<footer>\n<p>                <cite>VERA M.<\/cite><\/p>\n<\/footer>\n<\/blockquote>\n<p><img decoding=\"async\" src=\"\/wp-content\/uploads\/2021\/04\/testimonijal_urbana-copy.png\" alt=\"\"><br \/>\n<img decoding=\"async\" src=\"\/wp-content\/uploads\/2020\/11\/five-stars.png\" alt=\"five stars\"><\/p>\n<blockquote>\n<p>7 Drops of Oil<\/p>\n<p>Even though the demand for and understanding of natural clean skincare products has increased, I am still very cautious. I thoroughly read every label and try to inform myself about new hero ingredients. That is why I chose Estar serum 7 Drops of Oil, it has so many hero ingredients, I love them all. I believe that there is no magic solution for all and that feeding the skin should be similar to feeding the body, should you want to get into top shape. This requires \u201cgood nutrition,\u201d using nourishing natural ingredients over their chemical substitutions, which act like fast food for the skin. Would you like a hamburger on your face or some organic fruit? What do you think?<\/p>\n<footer>\n<p>                <cite>DRAGANA O.<\/cite><\/p>\n<\/footer>\n<\/blockquote>\n<p><img decoding=\"async\" src=\"\/wp-content\/uploads\/2021\/06\/fotka_testimonijali_NADJA-copy.png\" alt=\"\"><br \/>\n<img decoding=\"async\" src=\"\/wp-content\/uploads\/2020\/11\/five-stars.png\" alt=\"five stars\"><\/p>\n<blockquote>\n<p>7 Drops of Oil<\/p>\n<p>Budu\u0107i da sam estetski hirurg, upoznajem puno \u017eena koje veruju da je operacija ono \u0161to ko\u017eu \u010dini lepom. Ali nije. \u017dena bi trebalo svakodnevno da brine o svojoj ko\u017ei, koristi odgovaraju\u0107e proizvode za negu i ja\u010danje njene barijere. Nu\u017eno je pametno birati &#8211; budite sigurne da su proizvodi napravljeni od prirodnih aktivnih sastojaka. Estar 7 Drops of Oil koristim otprilike mesec dana i ova sjajna kombinacija ulja ne samo da miri\u0161e bo\u017eanstveno, ve\u0107 i ko\u017eu \u010dini vidljivo glatkijom i lep\u0161om. S obzirom na to da sam veoma svesna va\u017enosti proizvodnje kolagena, a znam da ovaj serum to stimuli\u0161e, radujem se \u010dim ga ugledam. \u263a<\/p>\n<footer>\n<p>                <cite>NADJA M.<\/cite><\/p>\n<\/footer>\n<\/blockquote>\n<p><!-- {\"type\":\"layout\",\"children\":[{\"type\":\"section\",\"props\":{\"style\":\"muted\",\"width\":\"xlarge\",\"vertical_align\":\"middle\",\"title_position\":\"top-left\",\"title_rotation\":\"left\",\"title_breakpoint\":\"xl\",\"image_position\":\"center-center\",\"preserve_color\":true,\"title\":\"Stvarni rezultati\"},\"children\":[{\"type\":\"row\",\"children\":[{\"type\":\"column\",\"props\":{\"image_position\":\"center-center\",\"media_overlay_gradient\":\"\"},\"children\":[{\"type\":\"headline\",\"props\":{\"title_element\":\"h2\",\"content\":\"Stvarni rezultati\",\"title_style\":\"h2\",\"text_align\":\"center\",\"margin\":\"xlarge\"}}]}],\"props\":{\"width\":\"large\"}},{\"type\":\"row\",\"props\":{\"layout\":\"1-3,1-3,1-3\",\"divider\":false,\"match\":false,\"width\":\"large\"},\"children\":[{\"type\":\"column\",\"props\":{\"image_position\":\"center-center\",\"media_overlay_gradient\":\"\",\"width_medium\":\"1-3\",\"style\":\"default\"},\"children\":[{\"type\":\"image\",\"props\":{\"margin\":\"medium\",\"image_svg_color\":\"emphasis\",\"image\":\"wp-content\\\/uploads\\\/2021\\\/04\\\/testimonijal_1-ESTAR.png\",\"image_width\":\"160px\",\"text_align\":\"center\"}},{\"type\":\"image\",\"props\":{\"margin\":\"default\",\"image_svg_color\":\"emphasis\",\"image\":\"wp-content\\\/uploads\\\/2020\\\/11\\\/five-stars.png\",\"image_width\":\"102\",\"image_alt\":\"five stars\",\"text_align\":\"center\",\"margin_remove_top\":false}},{\"type\":\"icon\",\"props\":{\"icon_width\":\"40\",\"margin\":\"default\",\"icon\":\"quote-right\",\"position\":\"absolute\",\"position_left\":\"-60\",\"position_top\":\"-50\"}},{\"type\":\"quotation\",\"props\":{\"content\":\"\n\n<p>Glow up Drops<\\\/p>\\n\n\n<p>Direktor sam predstavni\\u0161tva australijske korporacije ovde u Srbiji, pa je njihova vremenska zona jedan od va\\u017enih faktora u mom funkcionisanju i planiranju dana. Vrlo \\u010desto radim zaista neobi\\u010dno radno vreme, \\u0161to se odra\\u017eava na moj ten i uop\\u0161te izgled ko\\u017ee lica. Uz to, nedavno sam rodila tre\\u0107e dete, mo\\u017eete zamisliti kako izgleda moja svakodnevnica. Ili jo\\u0161 bolje - ne mo\\u017eete. Nedavno mi je prijateljica preporu\\u010dila Estar Glow up drops i kunem se da je ovaj serum umanjio vidljivost mojih podo\\u010dnjaka. Tako\\u0111e \\u010desto radim brzu, ne\\u017enu masa\\u017eu kockom leda po celom licu kako bih pomogla sastojcima da prodru dublje i \\u201ezape\\u010date\\u201c proizvod, tome me je nau\\u010dila druga prijateljica J Ova kombinacija zaista moje lice \\u010dini sve\\u017eijim i daje mu trenutni sjaj \\u263a<\\\/p>\",\"author\":\"SANDRA K.\",\"footer\":\"\",\"text_align\":\"center\"}}]},{\"type\":\"column\",\"props\":{\"image_position\":\"center-center\",\"media_overlay_gradient\":\"\",\"width_medium\":\"1-3\",\"style\":\"default\"},\"children\":[{\"type\":\"image\",\"props\":{\"margin\":\"medium\",\"image_svg_color\":\"emphasis\",\"image\":\"wp-content\\\/uploads\\\/2021\\\/04\\\/testimonijal_2-ESTAR.png\",\"image_width\":\"160px\",\"text_align\":\"center\"}},{\"type\":\"image\",\"props\":{\"margin\":\"default\",\"image_svg_color\":\"emphasis\",\"image\":\"wp-content\\\/uploads\\\/2020\\\/11\\\/five-stars.png\",\"image_width\":\"102\",\"image_alt\":\"five stars\",\"text_align\":\"center\",\"margin_remove_top\":false}},{\"type\":\"icon\",\"props\":{\"icon_width\":\"40\",\"margin\":\"default\",\"icon\":\"quote-right\",\"position\":\"absolute\",\"position_left\":\"-60\",\"position_top\":\"-50\"}},{\"type\":\"quotation\",\"props\":{\"content\":\"\n\n<p>Glow up drops<\\\/p>\\n\n\n<p>Majka me je odmalena u\\u010dila da jednostavno umivanje ujutru mo\\u017ee u\\u010diniti \\u010duda za moju ko\\u017eu i da bi pola svega \\u0161to pojedem trebalo da dr\\u017eim na licu kao masku, barem sat-dva nedeljno. Iako mi se svi\\u0111a kako to zvu\\u010di, nemam ni vremena ni energije za to. Tako\\u0111e, vrlo dobro razumem da ce\\u0111ena pomorad\\u017ea na mom licu ne mo\\u017ee da mi pomogne u stimulisanju kolagena, ali spajanje vitamina C u laboratoriji s ne\\u010dim drugim \\u2013 mo\\u017eda mo\\u017ee. Zato uvek tra\\u017eim proizvode kojima verujem, proizvode koji ispunjavaju obe\\u0107anja i moram da ka\\u017eem da sam za sada zadovoljna izborom koji sam napravila. Estar serum Glow up drops mom licu daje ta\\u010dno onakav sjaj kakav mu je potreban i ja ga obo\\u017eavam. Uvek imam rezervni u ku\\u0107i, za svaki slu\\u010daj.<\\\/p>\",\"author\":\"HELENA P.\",\"footer\":\"\",\"text_align\":\"center\"}}]},{\"type\":\"column\",\"props\":{\"image_position\":\"center-center\",\"media_overlay_gradient\":\"\",\"width_medium\":\"1-3\",\"style\":\"default\"},\"children\":[{\"type\":\"image\",\"props\":{\"margin\":\"medium\",\"image_svg_color\":\"emphasis\",\"image\":\"wp-content\\\/uploads\\\/2021\\\/04\\\/ESTAR-testimonijal-3.png\",\"image_width\":\"160px\",\"text_align\":\"center\"}},{\"type\":\"image\",\"props\":{\"margin\":\"default\",\"image_svg_color\":\"emphasis\",\"image\":\"wp-content\\\/uploads\\\/2020\\\/11\\\/five-stars.png\",\"image_width\":\"102\",\"image_alt\":\"five stars\",\"text_align\":\"center\",\"margin_remove_top\":false}},{\"type\":\"icon\",\"props\":{\"icon_width\":\"40\",\"margin\":\"default\",\"icon\":\"quote-right\",\"position\":\"absolute\",\"position_left\":\"-60\",\"position_top\":\"-50\"}},{\"type\":\"quotation\",\"props\":{\"content\":\"\n\n<p>Feel the rain drops<\\\/p>\\n\n\n<p>Trebalo mi je vremena da shvatim da preterivanje mo\\u017ee biti i lo\\u0161e. Koristila sam i sapune, previ\\u0161e proizvoda za \\u010di\\u0161\\u0107enje lica, preterivala sa pilingom i agresivnim tretmanima, a ko\\u017ea mi je svejedno izgledala isu\\u0161eno i izmu\\u010deno iako imam samo 22 godine. Da budem potpuno iskrena, namenski sam tra\\u017eila proizvod s uljem konoplje, \\u010dula sam puno o tome od devojaka mojih godina, to je valjda svima zanimljivo. Rekle su mi da kozmetika s uljem konoplje zaista smiruje upale i vla\\u017ei ko\\u017eu, a ne zapu\\u0161ava pore i to mi je bilo dovoljno da poku\\u0161am. Dopada mi se i ime Feel the rain drops, a vama? Estar mi je promenio ko\\u017eu i ono \\u0161to je mo\\u017eda jo\\u0161 va\\u017enije \\u2013 odnos koji sam imala s njom. Vi\\u0161e je mazim i pazim.<\\\/p>\",\"author\":\"JELENA D.\",\"footer\":\"\",\"text_align\":\"center\"}}]}]}],\"name\":\"3.01 REVIEW 1st section\",\"modified\":\"2021-07-05T00:34:57.558Z\"},{\"type\":\"section\",\"props\":{\"style\":\"muted\",\"width\":\"xlarge\",\"vertical_align\":\"middle\",\"title_position\":\"top-left\",\"title_rotation\":\"left\",\"title_breakpoint\":\"xl\",\"image_position\":\"center-center\",\"preserve_color\":true,\"title\":\"Stvarni rezultati\"},\"children\":[{\"type\":\"row\",\"props\":{\"layout\":\"1-3,1-3,1-3\",\"divider\":false,\"match\":false,\"width\":\"large\"},\"children\":[{\"type\":\"column\",\"props\":{\"image_position\":\"center-center\",\"media_overlay_gradient\":\"\",\"width_medium\":\"1-3\",\"style\":\"default\"},\"children\":[{\"type\":\"image\",\"props\":{\"margin\":\"medium\",\"image_svg_color\":\"emphasis\",\"image\":\"wp-content\\\/uploads\\\/2021\\\/04\\\/testimonijal_hollistic-copy.png\",\"image_width\":\"160px\",\"text_align\":\"center\"}},{\"type\":\"image\",\"props\":{\"margin\":\"default\",\"image_svg_color\":\"emphasis\",\"image\":\"wp-content\\\/uploads\\\/2020\\\/11\\\/five-stars.png\",\"image_width\":\"102\",\"image_alt\":\"five stars\",\"text_align\":\"center\",\"margin_remove_top\":false}},{\"type\":\"icon\",\"props\":{\"icon_width\":\"40\",\"margin\":\"default\",\"icon\":\"quote-right\",\"position\":\"absolute\",\"position_left\":\"-60\",\"position_top\":\"-50\"}},{\"type\":\"quotation\",\"props\":{\"content\":\"\n\n<p>Drops of Moonlight<\\\/p>\\n\n\n<p>Na\\u017ealost, zaga\\u0111enje vazduha je ogroman problem ovde u Srbiji (poku\\u0161avam da se organizujem i pobegnem u prirodu kad god je to mogu\\u0107e), a osim \\u0161tete po zdravlje koju \\u0107emo na\\u017ealost svi osetiti \\u2013 ovakvi spolja\\u0161nji uticaji stra\\u0161no \\u0161kode povr\\u0161inskom sloju moje ko\\u017ee, mog lica. Kad no\\u0107u o\\u010distim lice tufer je doslovno braon, iako ne koristim nikakvu \\u0161minku. Zbog toga se trudim da radim ono \\u0161to mogu, a ostalo prepu\\u0161tam serumu Estar Moonlight Drops. Volim ono \\u0161to organsko ulje \\u0161ljive u\\u010dini mojoj ko\\u017ei, a onaj fini, bar\\u0161unasti ose\\u0107aj pod rukom daje mi sigurnost da \\u010dinim najbolje \\u0161to mogu da je za\\u0161titim.<\\\/p>\",\"author\":\"VERA M.\",\"footer\":\"\",\"text_align\":\"center\"}}]},{\"type\":\"column\",\"props\":{\"image_position\":\"center-center\",\"media_overlay_gradient\":\"\",\"width_medium\":\"1-3\",\"style\":\"default\"},\"children\":[{\"type\":\"image\",\"props\":{\"margin\":\"medium\",\"image_svg_color\":\"emphasis\",\"image\":\"wp-content\\\/uploads\\\/2021\\\/04\\\/testimonijal_urbana-copy.png\",\"image_width\":\"160px\",\"text_align\":\"center\"}},{\"type\":\"image\",\"props\":{\"margin\":\"default\",\"image_svg_color\":\"emphasis\",\"image\":\"wp-content\\\/uploads\\\/2020\\\/11\\\/five-stars.png\",\"image_width\":\"102\",\"image_alt\":\"five stars\",\"text_align\":\"center\",\"margin_remove_top\":false}},{\"type\":\"icon\",\"props\":{\"icon_width\":\"40\",\"margin\":\"default\",\"icon\":\"quote-right\",\"position\":\"absolute\",\"position_left\":\"-60\",\"position_top\":\"-50\"}},{\"type\":\"quotation\",\"props\":{\"content\":\"\n\n<p>7 Drops of Oil<\\\/p>\\n\n\n<p>Iako mi je jasno da se pove\\u0107ala potra\\u017enja i ponuda prirodnih proizvoda za negu ko\\u017ee, ja sam i dalje vrlo oprezna. Pa\\u017eljivo \\u010ditam svaku etiketu i poku\\u0161avam da se informi\\u0161em o takozvanim \\u201eheroj\\u201c sastojcima. Ba\\u0161 zbog toga sam odabrala Estar 7 Drops of Oil \\u2013 sastav mu je takav da prosto ne znam koji bih izdvojila! Znam da ne postoji \\u010darobno re\\u0161enje za sve i da bi odabir \\u201ehrane\\u201c za ko\\u017eu trebalo da izgleda kao odabir hrane za telo, posebno onda kada \\u017eelimo vrhunske rezultate. To pre svega podrazumeva prirodne sastojke umesto njihovih hemijskih zamena koji uti\\u010du na ko\\u017eu ba\\u0161 kao \\u0161to fast food uti\\u010de na telo. \\u017delim li hamburger na licu ili neko organsko vo\\u0107e? \\u0160ta mislite?<\\\/p>\",\"author\":\"DRAGANA O.\",\"footer\":\"\",\"text_align\":\"center\"}}]},{\"type\":\"column\",\"props\":{\"image_position\":\"center-center\",\"media_overlay_gradient\":\"\",\"width_medium\":\"1-3\",\"style\":\"default\"},\"children\":[{\"type\":\"image\",\"props\":{\"margin\":\"medium\",\"image_svg_color\":\"emphasis\",\"image\":\"wp-content\\\/uploads\\\/2021\\\/06\\\/fotka_testimonijali_NADJA-copy.png\",\"image_width\":\"160px\",\"text_align\":\"center\"}},{\"type\":\"image\",\"props\":{\"margin\":\"default\",\"image_svg_color\":\"emphasis\",\"image\":\"wp-content\\\/uploads\\\/2020\\\/11\\\/five-stars.png\",\"image_width\":\"102\",\"image_alt\":\"five stars\",\"text_align\":\"center\",\"margin_remove_top\":false}},{\"type\":\"icon\",\"props\":{\"icon_width\":\"40\",\"margin\":\"default\",\"icon\":\"quote-right\",\"position\":\"absolute\",\"position_left\":\"-60\",\"position_top\":\"-50\"}},{\"type\":\"quotation\",\"props\":{\"content\":\"\n\n<p>7 Drops of Oil<\\\/p>\\n\n\n<p>Budu\\u0107i da sam estetski hirurg, upoznajem puno \\u017eena koje veruju da je operacija ono \\u0161to ko\\u017eu \\u010dini lepom. Ali nije. \\u017dena bi trebalo svakodnevno da brine o svojoj ko\\u017ei, koristi odgovaraju\\u0107e proizvode za negu i ja\\u010danje njene barijere. Nu\\u017eno je pametno birati - budite sigurne da su proizvodi napravljeni od prirodnih aktivnih sastojaka. Estar 7 Drops of Oil koristim otprilike mesec dana i ova sjajna kombinacija ulja ne samo da miri\\u0161e bo\\u017eanstveno, ve\\u0107 i ko\\u017eu \\u010dini vidljivo glatkijom i lep\\u0161om. S obzirom na to da sam veoma svesna va\\u017enosti proizvodnje kolagena, a znam da ovaj serum to stimuli\\u0161e, radujem se \\u010dim ga ugledam. \\u263a<\\\/p>\",\"author\":\"NADJA M.\",\"footer\":\"\",\"text_align\":\"center\"}}]}]}],\"name\":\"3.02 REVIEW 2nd section\",\"modified\":\"2021-07-05T00:35:46.801Z\"},{\"type\":\"section\",\"props\":{\"style\":\"default\",\"width\":\"default\",\"vertical_align\":\"middle\",\"title_position\":\"top-left\",\"title_rotation\":\"left\",\"title_breakpoint\":\"xl\",\"image_position\":\"center-center\"},\"children\":[{\"type\":\"row\",\"props\":{\"margin\":\"small\"},\"children\":[{\"type\":\"column\",\"props\":{\"image_position\":\"center-center\",\"media_overlay_gradient\":\"\"},\"children\":[]}]}]}],\"version\":\"2.3.13\"} --><\/p>","protected":false},"excerpt":{"rendered":"<p>Stvarni rezultati Glow up Drops Direktor sam predstavni\u0161tva australijske korporacije ovde u Srbiji, pa je njihova vremenska zona jedan od va\u017enih faktora u mom funkcionisanju i planiranju dana. Vrlo \u010desto radim zaista neobi\u010dno radno vreme, \u0161to se odra\u017eava na moj ten i uop\u0161te izgled ko\u017ee lica. Uz to, nedavno sam rodila tre\u0107e dete, mo\u017eete zamisliti [&hellip;]<\/p>","protected":false},"author":2,"featured_media":0,"parent":0,"menu_order":0,"comment_status":"closed","ping_status":"closed","template":"","meta":{"footnotes":""},"yoast_head":"<!-- This site is optimized with the Yoast SEO plugin v20.13 - https:\/\/yoast.com\/wordpress\/plugins\/seo\/ -->\n<title>ISKUSTVA - ESTAR<\/title>\n<meta name=\"robots\" content=\"noindex, follow, max-snippet:-1, max-image-preview:large, max-video-preview:-1\" \/>\n<meta property=\"og:locale\" content=\"en_US\" \/>\n<meta property=\"og:type\" content=\"article\" \/>\n<meta property=\"og:title\" content=\"ISKUSTVA - ESTAR\" \/>\n<meta property=\"og:description\" content=\"Stvarni rezultati Glow up Drops Direktor sam predstavni\u0161tva australijske korporacije ovde u Srbiji, pa je njihova vremenska zona jedan od va\u017enih faktora u mom funkcionisanju i planiranju dana. Vrlo \u010desto radim zaista neobi\u010dno radno vreme, \u0161to se odra\u017eava na moj ten i uop\u0161te izgled ko\u017ee lica. Uz to, nedavno sam rodila tre\u0107e dete, mo\u017eete zamisliti [&hellip;]\" \/>\n<meta property=\"og:url\" content=\"https:\/\/shopestar.elastalink.com\/en\/reviews\/\" \/>\n<meta property=\"og:site_name\" content=\"ESTAR\" \/>\n<meta property=\"article:modified_time\" content=\"2021-09-10T11:49:23+00:00\" \/>\n<meta name=\"twitter:card\" content=\"summary_large_image\" \/>\n<meta name=\"twitter:label1\" content=\"Est. reading time\" \/>\n\t<meta name=\"twitter:data1\" content=\"4 minutes\" \/>\n<script type=\"application\/ld+json\" class=\"yoast-schema-graph\">{\"@context\":\"https:\/\/schema.org\",\"@graph\":[{\"@type\":\"WebPage\",\"@id\":\"https:\/\/shopestar.elastalink.com\/iskustva\/\",\"url\":\"https:\/\/shopestar.elastalink.com\/iskustva\/\",\"name\":\"ISKUSTVA - ESTAR\",\"isPartOf\":{\"@id\":\"https:\/\/shopestar.elastalink.com\/#website\"},\"datePublished\":\"2020-10-29T11:26:32+00:00\",\"dateModified\":\"2021-09-10T11:49:23+00:00\",\"breadcrumb\":{\"@id\":\"https:\/\/shopestar.elastalink.com\/iskustva\/#breadcrumb\"},\"inLanguage\":\"en-US\",\"potentialAction\":[{\"@type\":\"ReadAction\",\"target\":[\"https:\/\/shopestar.elastalink.com\/iskustva\/\"]}]},{\"@type\":\"BreadcrumbList\",\"@id\":\"https:\/\/shopestar.elastalink.com\/iskustva\/#breadcrumb\",\"itemListElement\":[{\"@type\":\"ListItem\",\"position\":1,\"name\":\"Po\u010detna\",\"item\":\"https:\/\/shopestar.elastalink.com\/\"},{\"@type\":\"ListItem\",\"position\":2,\"name\":\"ISKUSTVA\"}]},{\"@type\":\"WebSite\",\"@id\":\"https:\/\/shopestar.elastalink.com\/#website\",\"url\":\"https:\/\/shopestar.elastalink.com\/\",\"name\":\"ESTAR\",\"description\":\"Premium Clean Beauty serum\",\"potentialAction\":[{\"@type\":\"SearchAction\",\"target\":{\"@type\":\"EntryPoint\",\"urlTemplate\":\"https:\/\/shopestar.elastalink.com\/?s={search_term_string}\"},\"query-input\":\"required name=search_term_string\"}],\"inLanguage\":\"en-US\"}]}<\/script>\n<!-- \/ Yoast SEO plugin. -->","yoast_head_json":{"title":"ISKUSTVA - ESTAR","robots":{"index":"noindex","follow":"follow","max-snippet":"max-snippet:-1","max-image-preview":"max-image-preview:large","max-video-preview":"max-video-preview:-1"},"og_locale":"en_US","og_type":"article","og_title":"ISKUSTVA - ESTAR","og_description":"Stvarni rezultati Glow up Drops Direktor sam predstavni\u0161tva australijske korporacije ovde u Srbiji, pa je njihova vremenska zona jedan od va\u017enih faktora u mom funkcionisanju i planiranju dana. Vrlo \u010desto radim zaista neobi\u010dno radno vreme, \u0161to se odra\u017eava na moj ten i uop\u0161te izgled ko\u017ee lica. Uz to, nedavno sam rodila tre\u0107e dete, mo\u017eete zamisliti [&hellip;]","og_url":"https:\/\/shopestar.elastalink.com\/en\/reviews\/","og_site_name":"ESTAR","article_modified_time":"2021-09-10T11:49:23+00:00","twitter_card":"summary_large_image","twitter_misc":{"Est. reading time":"4 minutes"},"schema":{"@context":"https:\/\/schema.org","@graph":[{"@type":"WebPage","@id":"https:\/\/shopestar.elastalink.com\/iskustva\/","url":"https:\/\/shopestar.elastalink.com\/iskustva\/","name":"ISKUSTVA - ESTAR","isPartOf":{"@id":"https:\/\/shopestar.elastalink.com\/#website"},"datePublished":"2020-10-29T11:26:32+00:00","dateModified":"2021-09-10T11:49:23+00:00","breadcrumb":{"@id":"https:\/\/shopestar.elastalink.com\/iskustva\/#breadcrumb"},"inLanguage":"en-US","potentialAction":[{"@type":"ReadAction","target":["https:\/\/shopestar.elastalink.com\/iskustva\/"]}]},{"@type":"BreadcrumbList","@id":"https:\/\/shopestar.elastalink.com\/iskustva\/#breadcrumb","itemListElement":[{"@type":"ListItem","position":1,"name":"Po\u010detna","item":"https:\/\/shopestar.elastalink.com\/"},{"@type":"ListItem","position":2,"name":"ISKUSTVA"}]},{"@type":"WebSite","@id":"https:\/\/shopestar.elastalink.com\/#website","url":"https:\/\/shopestar.elastalink.com\/","name":"ESTAR","description":"Premium Clean Beauty serum","potentialAction":[{"@type":"SearchAction","target":{"@type":"EntryPoint","urlTemplate":"https:\/\/shopestar.elastalink.com\/?s={search_term_string}"},"query-input":"required name=search_term_string"}],"inLanguage":"en-US"}]}},"_links":{"self":[{"href":"https:\/\/shopestar.elastalink.com\/en\/wp-json\/wp\/v2\/pages\/14"}],"collection":[{"href":"https:\/\/shopestar.elastalink.com\/en\/wp-json\/wp\/v2\/pages"}],"about":[{"href":"https:\/\/shopestar.elastalink.com\/en\/wp-json\/wp\/v2\/types\/page"}],"author":[{"embeddable":true,"href":"https:\/\/shopestar.elastalink.com\/en\/wp-json\/wp\/v2\/users\/2"}],"replies":[{"embeddable":true,"href":"https:\/\/shopestar.elastalink.com\/en\/wp-json\/wp\/v2\/comments?post=14"}],"version-history":[{"count":47,"href":"https:\/\/shopestar.elastalink.com\/en\/wp-json\/wp\/v2\/pages\/14\/revisions"}],"predecessor-version":[{"id":1384,"href":"https:\/\/shopestar.elastalink.com\/en\/wp-json\/wp\/v2\/pages\/14\/revisions\/1384"}],"wp:attachment":[{"href":"https:\/\/shopestar.elastalink.com\/en\/wp-json\/wp\/v2\/media?parent=14"}],"curies":[{"name":"wp","href":"https:\/\/api.w.org\/{rel}","templated":true}]}}