{"id":369,"date":"2020-12-10T00:28:56","date_gmt":"2020-12-10T00:28:56","guid":{"rendered":"https:\/\/shopestar.elastalink.com\/?post_type=product&#038;p=369"},"modified":"2021-10-19T09:17:49","modified_gmt":"2021-10-19T09:17:49","slug":"feel-the-rain-drops","status":"publish","type":"product","link":"https:\/\/shopestar.elastalink.com\/en\/product\/feel-the-rain-drops\/","title":{"rendered":"FEEL THE RAIN DROPS"},"content":{"rendered":"","protected":false},"excerpt":{"rendered":"<p><big>33 \u20ac<\/big><\/p>\n<p><b>Deep hydration serum<\/b><\/p>\n<p>Ever walked in the rain, feeling the raindrops on your face? This is how it feels.<\/p>\n<p>The powerful ingredients playing together in harmony, perfect for your everyday routine and long-lasting hydration. Its key ingredient organic cannabis oil calms inflammation and irritation of the skin while keeping the skin nourished and moisturized. Hemp oil is perfect for most skin types as it moisturizes without clogging your pores. It balances out oily skin through regulating the skin\u2019s oil production.<\/p>\n<p><strong>Reduces:<\/strong> trans epidermal waterloos (TEWL), dryness of the skin caused by aging process, environmental stress, excessive exposure to sun or blue ligh <span class=\"Apple-converted-space\">\u00a0<\/span><\/p>\n<p><strong>Stimulates:<\/strong> moisture, balance<\/p>\n<p><strong>Key Ingredients:<\/strong> organic cannabis oil, herbal extract of Hamamelis and hyaluronic acid<\/p>\n<p>Free of parabens, paraffin, PEGs, artificial colors<\/p>\n<p><strong>How to use:<\/strong> apply few drops on clean face before cream day or night <span class=\"Apple-converted-space\">\u00a0<\/span><\/p>","protected":false},"featured_media":1012,"comment_status":"open","ping_status":"closed","template":"","meta":[],"product_cat":[16],"product_tag":[],"yoast_head":"<!-- This site is optimized with the Yoast SEO plugin v20.13 - https:\/\/yoast.com\/wordpress\/plugins\/seo\/ -->\n<title>FEEL THE RAIN DROPS - ESTAR<\/title>\n<meta name=\"robots\" content=\"noindex, follow, max-snippet:-1, max-image-preview:large, max-video-preview:-1\" \/>\n<meta property=\"og:locale\" content=\"en_US\" \/>\n<meta property=\"og:type\" content=\"article\" \/>\n<meta property=\"og:title\" content=\"FEEL THE RAIN DROPS - ESTAR\" \/>\n<meta property=\"og:description\" content=\"33 \u20ac  Serum za duboku hidrataciju  Jeste li ikad \u0161etali po letnjoj ki\u0161i, ose\u0107aju\u0107i tople kapljice na svom licu? Ovo je taj ose\u0107aj.  Mo\u0107ni sastojci koji ple\u0161u u harmoniji, savr\u0161eni za va\u0161u svakodnevnu rutinu i dugotrajnu hidrataciju. Klju\u010dni sastojak ovog seruma, organsko ulje kanabisa, smiruje upale i iritaciju ko\u017ee, a istovremeno odr\u017eava ko\u017eu negovanom i vla\u017enom. Ulje konoplje (canabis sativa) odgovara ve\u0107ini tipova ko\u017ee, jer vla\u017ei, a ne zapu\u0161ava pore. Balansira masno\u0107e, reguli\u0161u\u0107i proizvodnju ulja na ko\u017ei.  Smanjuje: transepidermalni gubotak vlage (TEWL transepidermal waterloss), suvo\u0107u ko\u017ee uzrokovanu procesom starenja, stres izazvan spolja\u0161njim nepovoljnim uticajima, efekte prekomernog izlaganja suncu ili plavoj svetlosti \u00a0  Stimuli\u0161e: vla\u017enost, balans  Klju\u010dni sastojci: organsko ulje kanabisa, biljni ekstrakt Hamamelisa i hijaluronska kiselina  Bez parabena, parafina, PEG-a, ve\u0161ta\u010dkih boja  Na\u010din upotrebe: naneti nekoliko kapi na \u010disto lice pre kreme, pogodan za kori\u0161\u0107enje i danju i no\u0107u \u00a0\" \/>\n<meta property=\"og:url\" content=\"https:\/\/shopestar.elastalink.com\/en\/product\/feel-the-rain-drops\/\" \/>\n<meta property=\"og:site_name\" content=\"ESTAR\" \/>\n<meta property=\"article:modified_time\" content=\"2021-10-19T09:17:49+00:00\" \/>\n<meta property=\"og:image\" content=\"https:\/\/shopestar.elastalink.com\/wp-content\/uploads\/2020\/12\/Estar-feel-the-raindrops1.jpg\" \/>\n\t<meta property=\"og:image:width\" content=\"1400\" \/>\n\t<meta property=\"og:image:height\" content=\"1750\" \/>\n\t<meta property=\"og:image:type\" content=\"image\/jpeg\" \/>\n<meta name=\"twitter:card\" content=\"summary_large_image\" \/>\n<script type=\"application\/ld+json\" class=\"yoast-schema-graph\">{\"@context\":\"https:\/\/schema.org\",\"@graph\":[{\"@type\":\"WebPage\",\"@id\":\"https:\/\/shopestar.elastalink.com\/product\/feel-the-rain-drops\/\",\"url\":\"https:\/\/shopestar.elastalink.com\/product\/feel-the-rain-drops\/\",\"name\":\"FEEL THE RAIN DROPS - ESTAR\",\"isPartOf\":{\"@id\":\"https:\/\/shopestar.elastalink.com\/#website\"},\"datePublished\":\"2020-12-10T00:28:56+00:00\",\"dateModified\":\"2021-10-19T09:17:49+00:00\",\"breadcrumb\":{\"@id\":\"https:\/\/shopestar.elastalink.com\/product\/feel-the-rain-drops\/#breadcrumb\"},\"inLanguage\":\"en-US\",\"potentialAction\":[{\"@type\":\"ReadAction\",\"target\":[\"https:\/\/shopestar.elastalink.com\/product\/feel-the-rain-drops\/\"]}]},{\"@type\":\"BreadcrumbList\",\"@id\":\"https:\/\/shopestar.elastalink.com\/product\/feel-the-rain-drops\/#breadcrumb\",\"itemListElement\":[{\"@type\":\"ListItem\",\"position\":1,\"name\":\"Po\u010detna\",\"item\":\"https:\/\/shopestar.elastalink.com\/\"},{\"@type\":\"ListItem\",\"position\":2,\"name\":\"Shop\",\"item\":\"https:\/\/shopestar.elastalink.com\/shop\/\"},{\"@type\":\"ListItem\",\"position\":3,\"name\":\"FEEL THE RAIN DROPS\"}]},{\"@type\":\"WebSite\",\"@id\":\"https:\/\/shopestar.elastalink.com\/#website\",\"url\":\"https:\/\/shopestar.elastalink.com\/\",\"name\":\"ESTAR\",\"description\":\"Premium Clean Beauty serum\",\"potentialAction\":[{\"@type\":\"SearchAction\",\"target\":{\"@type\":\"EntryPoint\",\"urlTemplate\":\"https:\/\/shopestar.elastalink.com\/?s={search_term_string}\"},\"query-input\":\"required name=search_term_string\"}],\"inLanguage\":\"en-US\"}]}<\/script>\n<!-- \/ Yoast SEO plugin. -->","yoast_head_json":{"title":"FEEL THE RAIN DROPS - ESTAR","robots":{"index":"noindex","follow":"follow","max-snippet":"max-snippet:-1","max-image-preview":"max-image-preview:large","max-video-preview":"max-video-preview:-1"},"og_locale":"en_US","og_type":"article","og_title":"FEEL THE RAIN DROPS - ESTAR","og_description":"33 \u20ac  Serum za duboku hidrataciju  Jeste li ikad \u0161etali po letnjoj ki\u0161i, ose\u0107aju\u0107i tople kapljice na svom licu? Ovo je taj ose\u0107aj.  Mo\u0107ni sastojci koji ple\u0161u u harmoniji, savr\u0161eni za va\u0161u svakodnevnu rutinu i dugotrajnu hidrataciju. Klju\u010dni sastojak ovog seruma, organsko ulje kanabisa, smiruje upale i iritaciju ko\u017ee, a istovremeno odr\u017eava ko\u017eu negovanom i vla\u017enom. Ulje konoplje (canabis sativa) odgovara ve\u0107ini tipova ko\u017ee, jer vla\u017ei, a ne zapu\u0161ava pore. Balansira masno\u0107e, reguli\u0161u\u0107i proizvodnju ulja na ko\u017ei.  Smanjuje: transepidermalni gubotak vlage (TEWL transepidermal waterloss), suvo\u0107u ko\u017ee uzrokovanu procesom starenja, stres izazvan spolja\u0161njim nepovoljnim uticajima, efekte prekomernog izlaganja suncu ili plavoj svetlosti \u00a0  Stimuli\u0161e: vla\u017enost, balans  Klju\u010dni sastojci: organsko ulje kanabisa, biljni ekstrakt Hamamelisa i hijaluronska kiselina  Bez parabena, parafina, PEG-a, ve\u0161ta\u010dkih boja  Na\u010din upotrebe: naneti nekoliko kapi na \u010disto lice pre kreme, pogodan za kori\u0161\u0107enje i danju i no\u0107u \u00a0","og_url":"https:\/\/shopestar.elastalink.com\/en\/product\/feel-the-rain-drops\/","og_site_name":"ESTAR","article_modified_time":"2021-10-19T09:17:49+00:00","og_image":[{"width":1400,"height":1750,"url":"https:\/\/shopestar.elastalink.com\/wp-content\/uploads\/2020\/12\/Estar-feel-the-raindrops1.jpg","type":"image\/jpeg"}],"twitter_card":"summary_large_image","schema":{"@context":"https:\/\/schema.org","@graph":[{"@type":"WebPage","@id":"https:\/\/shopestar.elastalink.com\/product\/feel-the-rain-drops\/","url":"https:\/\/shopestar.elastalink.com\/product\/feel-the-rain-drops\/","name":"FEEL THE RAIN DROPS - ESTAR","isPartOf":{"@id":"https:\/\/shopestar.elastalink.com\/#website"},"datePublished":"2020-12-10T00:28:56+00:00","dateModified":"2021-10-19T09:17:49+00:00","breadcrumb":{"@id":"https:\/\/shopestar.elastalink.com\/product\/feel-the-rain-drops\/#breadcrumb"},"inLanguage":"en-US","potentialAction":[{"@type":"ReadAction","target":["https:\/\/shopestar.elastalink.com\/product\/feel-the-rain-drops\/"]}]},{"@type":"BreadcrumbList","@id":"https:\/\/shopestar.elastalink.com\/product\/feel-the-rain-drops\/#breadcrumb","itemListElement":[{"@type":"ListItem","position":1,"name":"Po\u010detna","item":"https:\/\/shopestar.elastalink.com\/"},{"@type":"ListItem","position":2,"name":"Shop","item":"https:\/\/shopestar.elastalink.com\/shop\/"},{"@type":"ListItem","position":3,"name":"FEEL THE RAIN DROPS"}]},{"@type":"WebSite","@id":"https:\/\/shopestar.elastalink.com\/#website","url":"https:\/\/shopestar.elastalink.com\/","name":"ESTAR","description":"Premium Clean Beauty serum","potentialAction":[{"@type":"SearchAction","target":{"@type":"EntryPoint","urlTemplate":"https:\/\/shopestar.elastalink.com\/?s={search_term_string}"},"query-input":"required name=search_term_string"}],"inLanguage":"en-US"}]}},"_links":{"self":[{"href":"https:\/\/shopestar.elastalink.com\/en\/wp-json\/wp\/v2\/product\/369"}],"collection":[{"href":"https:\/\/shopestar.elastalink.com\/en\/wp-json\/wp\/v2\/product"}],"about":[{"href":"https:\/\/shopestar.elastalink.com\/en\/wp-json\/wp\/v2\/types\/product"}],"replies":[{"embeddable":true,"href":"https:\/\/shopestar.elastalink.com\/en\/wp-json\/wp\/v2\/comments?post=369"}],"wp:featuredmedia":[{"embeddable":true,"href":"https:\/\/shopestar.elastalink.com\/en\/wp-json\/wp\/v2\/media\/1012"}],"wp:attachment":[{"href":"https:\/\/shopestar.elastalink.com\/en\/wp-json\/wp\/v2\/media?parent=369"}],"wp:term":[{"taxonomy":"product_cat","embeddable":true,"href":"https:\/\/shopestar.elastalink.com\/en\/wp-json\/wp\/v2\/product_cat?post=369"},{"taxonomy":"product_tag","embeddable":true,"href":"https:\/\/shopestar.elastalink.com\/en\/wp-json\/wp\/v2\/product_tag?post=369"}],"curies":[{"name":"wp","href":"https:\/\/api.w.org\/{rel}","templated":true}]}}