{"id":371,"date":"2020-12-10T00:36:41","date_gmt":"2020-12-10T00:36:41","guid":{"rendered":"https:\/\/shopestar.elastalink.com\/?post_type=product&#038;p=371"},"modified":"2021-10-19T09:17:25","modified_gmt":"2021-10-19T09:17:25","slug":"drops-of-moonlight","status":"publish","type":"product","link":"https:\/\/shopestar.elastalink.com\/en\/product\/drops-of-moonlight\/","title":{"rendered":"DROPS OF MOONLIGHT"},"content":{"rendered":"","protected":false},"excerpt":{"rendered":"<p><big>33 \u20ac<\/big><\/p>\n<p><b> Overnight deep recovery serum<span class=\"Apple-converted-space\">\u00a0<\/span><\/b><\/p>\n<p>Your skin is at its most peaceful when you are asleep, so let it rest and our serum will do all the overnight work.<\/p>\n<p>Organic plum oil  <b> <\/b>is naturally abundant in omega fatty acids and vitamins, which is why it is so fast-acting. This concentrated elixir stimulates the epidermis health and protects your skin from free radicals. It has a high concentration of oleic acid and tocopherol, both potent anti-oxidants. Plum oil has anti-inflammatory properties that help reduce the appearance of puffiness, irritation, dark spots, under-eye circles, wrinkles and dry skin, and is therefore great for improvement of all skin aspects: smoothness, elasticity, moist content etc.<\/p>\n<p><strong>Reduces:<\/strong> dryness, fine lines, wrinkles, skin imperfections <span class=\"Apple-converted-space\">\u00a0<\/span><\/p>\n<p><strong>Stimulates:<\/strong> pidermis health, skin elasticity, balance in skin tone<\/p>\n<p><strong>Key Ingredients:<\/strong> organic plum oil, essential oils of lavender and sandalwood<\/p>\n<p>Free of parabens, paraffin, PEGs, artificial colors, and perfumes<\/p>\n<p><strong>How to use:<\/strong> apply on clean face before night cream <span class=\"Apple-converted-space\">\u00a0<\/span><\/p>","protected":false},"featured_media":1090,"comment_status":"open","ping_status":"closed","template":"","meta":[],"product_cat":[16],"product_tag":[],"yoast_head":"<!-- This site is optimized with the Yoast SEO plugin v20.13 - https:\/\/yoast.com\/wordpress\/plugins\/seo\/ -->\n<title>DROPS OF MOONLIGHT - ESTAR<\/title>\n<meta name=\"robots\" content=\"noindex, follow, max-snippet:-1, max-image-preview:large, max-video-preview:-1\" \/>\n<meta property=\"og:locale\" content=\"en_US\" \/>\n<meta property=\"og:type\" content=\"article\" \/>\n<meta property=\"og:title\" content=\"DROPS OF MOONLIGHT - ESTAR\" \/>\n<meta property=\"og:description\" content=\"33 \u20ac   No\u0107ni serum za duboku regeneraciju\u00a0  Va\u0161a ko\u017ea je najmirnija kada spavate, zato je pustite da se odmori, a ESTAR serum \u0107e obaviti sav posao preko no\u0107i.  Organsko ulje \u0161ljive  prirodno obiluje omega masnim kiselinama i vitaminima, zbog \u010dega tako brzo deluje. Ovaj koncentrovani eliksir stimuli\u0161e zdravlje epidermisa i \u0161titi va\u0161u ko\u017eu od slobodnih radikala. Ima visoku koncentraciju oleinske kiseline i tokoferola, oba sna\u017ena antioksidansa. Ulje \u0161ljive ima antiinflamatorna svojstva koja poma\u017eu u smanjenju pojave nate\u010denosti, iritacije, tamnih fleka, podo\u010dnjaka, bora i suve ko\u017ee, pa je stoga odli\u010dno za pobolj\u0161anje svih aspekata ko\u017ee: glatko\u0107e, elasti\u010dnosti, vla\u017enog sadr\u017eaja itd.   Smanjuje: suvo\u0107u, fine linije, bore i nesavr\u0161enosti ko\u017ee \u00a0  Stimuli\u0161e: zdravlje epidermisa, elasti\u010dnost ko\u017ee, izbalansirani ten  Klju\u010dni sastojci: ulje organske \u0161ljive, esencijalno ulje lavande i sandalovine  Bez parabena, parafina, PEG-a, ve\u0161ta\u010dkih boja i parfema  Na\u010din upotrebe: nanesite na \u010disto lice pre no\u0107ne kreme \u00a0\" \/>\n<meta property=\"og:url\" content=\"https:\/\/shopestar.elastalink.com\/en\/product\/drops-of-moonlight\/\" \/>\n<meta property=\"og:site_name\" content=\"ESTAR\" \/>\n<meta property=\"article:modified_time\" content=\"2021-10-19T09:17:25+00:00\" \/>\n<meta property=\"og:image\" content=\"https:\/\/shopestar.elastalink.com\/wp-content\/uploads\/2020\/12\/estar-drops-of-moonlight-11.jpg\" \/>\n\t<meta property=\"og:image:width\" content=\"1400\" \/>\n\t<meta property=\"og:image:height\" content=\"1750\" \/>\n\t<meta property=\"og:image:type\" content=\"image\/jpeg\" \/>\n<meta name=\"twitter:card\" content=\"summary_large_image\" \/>\n<script type=\"application\/ld+json\" class=\"yoast-schema-graph\">{\"@context\":\"https:\/\/schema.org\",\"@graph\":[{\"@type\":\"WebPage\",\"@id\":\"https:\/\/shopestar.elastalink.com\/product\/drops-of-moonlight\/\",\"url\":\"https:\/\/shopestar.elastalink.com\/product\/drops-of-moonlight\/\",\"name\":\"DROPS OF MOONLIGHT - ESTAR\",\"isPartOf\":{\"@id\":\"https:\/\/shopestar.elastalink.com\/#website\"},\"datePublished\":\"2020-12-10T00:36:41+00:00\",\"dateModified\":\"2021-10-19T09:17:25+00:00\",\"breadcrumb\":{\"@id\":\"https:\/\/shopestar.elastalink.com\/product\/drops-of-moonlight\/#breadcrumb\"},\"inLanguage\":\"en-US\",\"potentialAction\":[{\"@type\":\"ReadAction\",\"target\":[\"https:\/\/shopestar.elastalink.com\/product\/drops-of-moonlight\/\"]}]},{\"@type\":\"BreadcrumbList\",\"@id\":\"https:\/\/shopestar.elastalink.com\/product\/drops-of-moonlight\/#breadcrumb\",\"itemListElement\":[{\"@type\":\"ListItem\",\"position\":1,\"name\":\"Po\u010detna\",\"item\":\"https:\/\/shopestar.elastalink.com\/\"},{\"@type\":\"ListItem\",\"position\":2,\"name\":\"Shop\",\"item\":\"https:\/\/shopestar.elastalink.com\/shop\/\"},{\"@type\":\"ListItem\",\"position\":3,\"name\":\"DROPS OF MOONLIGHT\"}]},{\"@type\":\"WebSite\",\"@id\":\"https:\/\/shopestar.elastalink.com\/#website\",\"url\":\"https:\/\/shopestar.elastalink.com\/\",\"name\":\"ESTAR\",\"description\":\"Premium Clean Beauty serum\",\"potentialAction\":[{\"@type\":\"SearchAction\",\"target\":{\"@type\":\"EntryPoint\",\"urlTemplate\":\"https:\/\/shopestar.elastalink.com\/?s={search_term_string}\"},\"query-input\":\"required name=search_term_string\"}],\"inLanguage\":\"en-US\"}]}<\/script>\n<!-- \/ Yoast SEO plugin. -->","yoast_head_json":{"title":"DROPS OF MOONLIGHT - ESTAR","robots":{"index":"noindex","follow":"follow","max-snippet":"max-snippet:-1","max-image-preview":"max-image-preview:large","max-video-preview":"max-video-preview:-1"},"og_locale":"en_US","og_type":"article","og_title":"DROPS OF MOONLIGHT - ESTAR","og_description":"33 \u20ac   No\u0107ni serum za duboku regeneraciju\u00a0  Va\u0161a ko\u017ea je najmirnija kada spavate, zato je pustite da se odmori, a ESTAR serum \u0107e obaviti sav posao preko no\u0107i.  Organsko ulje \u0161ljive  prirodno obiluje omega masnim kiselinama i vitaminima, zbog \u010dega tako brzo deluje. Ovaj koncentrovani eliksir stimuli\u0161e zdravlje epidermisa i \u0161titi va\u0161u ko\u017eu od slobodnih radikala. Ima visoku koncentraciju oleinske kiseline i tokoferola, oba sna\u017ena antioksidansa. Ulje \u0161ljive ima antiinflamatorna svojstva koja poma\u017eu u smanjenju pojave nate\u010denosti, iritacije, tamnih fleka, podo\u010dnjaka, bora i suve ko\u017ee, pa je stoga odli\u010dno za pobolj\u0161anje svih aspekata ko\u017ee: glatko\u0107e, elasti\u010dnosti, vla\u017enog sadr\u017eaja itd.   Smanjuje: suvo\u0107u, fine linije, bore i nesavr\u0161enosti ko\u017ee \u00a0  Stimuli\u0161e: zdravlje epidermisa, elasti\u010dnost ko\u017ee, izbalansirani ten  Klju\u010dni sastojci: ulje organske \u0161ljive, esencijalno ulje lavande i sandalovine  Bez parabena, parafina, PEG-a, ve\u0161ta\u010dkih boja i parfema  Na\u010din upotrebe: nanesite na \u010disto lice pre no\u0107ne kreme \u00a0","og_url":"https:\/\/shopestar.elastalink.com\/en\/product\/drops-of-moonlight\/","og_site_name":"ESTAR","article_modified_time":"2021-10-19T09:17:25+00:00","og_image":[{"width":1400,"height":1750,"url":"https:\/\/shopestar.elastalink.com\/wp-content\/uploads\/2020\/12\/estar-drops-of-moonlight-11.jpg","type":"image\/jpeg"}],"twitter_card":"summary_large_image","schema":{"@context":"https:\/\/schema.org","@graph":[{"@type":"WebPage","@id":"https:\/\/shopestar.elastalink.com\/product\/drops-of-moonlight\/","url":"https:\/\/shopestar.elastalink.com\/product\/drops-of-moonlight\/","name":"DROPS OF MOONLIGHT - ESTAR","isPartOf":{"@id":"https:\/\/shopestar.elastalink.com\/#website"},"datePublished":"2020-12-10T00:36:41+00:00","dateModified":"2021-10-19T09:17:25+00:00","breadcrumb":{"@id":"https:\/\/shopestar.elastalink.com\/product\/drops-of-moonlight\/#breadcrumb"},"inLanguage":"en-US","potentialAction":[{"@type":"ReadAction","target":["https:\/\/shopestar.elastalink.com\/product\/drops-of-moonlight\/"]}]},{"@type":"BreadcrumbList","@id":"https:\/\/shopestar.elastalink.com\/product\/drops-of-moonlight\/#breadcrumb","itemListElement":[{"@type":"ListItem","position":1,"name":"Po\u010detna","item":"https:\/\/shopestar.elastalink.com\/"},{"@type":"ListItem","position":2,"name":"Shop","item":"https:\/\/shopestar.elastalink.com\/shop\/"},{"@type":"ListItem","position":3,"name":"DROPS OF MOONLIGHT"}]},{"@type":"WebSite","@id":"https:\/\/shopestar.elastalink.com\/#website","url":"https:\/\/shopestar.elastalink.com\/","name":"ESTAR","description":"Premium Clean Beauty serum","potentialAction":[{"@type":"SearchAction","target":{"@type":"EntryPoint","urlTemplate":"https:\/\/shopestar.elastalink.com\/?s={search_term_string}"},"query-input":"required name=search_term_string"}],"inLanguage":"en-US"}]}},"_links":{"self":[{"href":"https:\/\/shopestar.elastalink.com\/en\/wp-json\/wp\/v2\/product\/371"}],"collection":[{"href":"https:\/\/shopestar.elastalink.com\/en\/wp-json\/wp\/v2\/product"}],"about":[{"href":"https:\/\/shopestar.elastalink.com\/en\/wp-json\/wp\/v2\/types\/product"}],"replies":[{"embeddable":true,"href":"https:\/\/shopestar.elastalink.com\/en\/wp-json\/wp\/v2\/comments?post=371"}],"wp:featuredmedia":[{"embeddable":true,"href":"https:\/\/shopestar.elastalink.com\/en\/wp-json\/wp\/v2\/media\/1090"}],"wp:attachment":[{"href":"https:\/\/shopestar.elastalink.com\/en\/wp-json\/wp\/v2\/media?parent=371"}],"wp:term":[{"taxonomy":"product_cat","embeddable":true,"href":"https:\/\/shopestar.elastalink.com\/en\/wp-json\/wp\/v2\/product_cat?post=371"},{"taxonomy":"product_tag","embeddable":true,"href":"https:\/\/shopestar.elastalink.com\/en\/wp-json\/wp\/v2\/product_tag?post=371"}],"curies":[{"name":"wp","href":"https:\/\/api.w.org\/{rel}","templated":true}]}}