{"id":372,"date":"2020-12-10T00:37:58","date_gmt":"2020-12-10T00:37:58","guid":{"rendered":"https:\/\/shopestar.elastalink.com\/?post_type=product&#038;p=372"},"modified":"2021-10-19T09:16:56","modified_gmt":"2021-10-19T09:16:56","slug":"glow-up-drops","status":"publish","type":"product","link":"https:\/\/shopestar.elastalink.com\/en\/product\/glow-up-drops\/","title":{"rendered":"GLOW UP DROPS"},"content":{"rendered":"","protected":false},"excerpt":{"rendered":"<p><big>33 \u20ac<\/big><\/p>\n<p><b> Refreshing and energizing serum<span class=\"Apple-converted-space\">\u00a0<\/span><\/b><\/p>\n<p>\u201cShe lights up the room as she walks in\u201d is the most beautiful compliment of all. So let\u2019s start with the naturally healthy glowing skin.<\/p>\n<p>This serum\u2019s hero ingredient organic apricot oil helps wake up dull and tired skin, it is a great energy-booster after which the skin feels totally refreshed. Vitamins E, vitamin K and omega-3 help fast healing of the skin by stimulating cell turnover. Apricot kernel oil may also help to exfoliate the skin to retain moisture, and clear dark circles under the eyes. The linoleic acid helps to eliminate patches of dry skin.<br \/>\nTamarindus indica extract is a multifunctional polysaccharide complex of vegetal origin for modern skin care products. It improves the elasticity and hydration of the skin while also showing an exceptional smoothing effect. Upon regular use it gives a lasting, extremely pleasant velvety feel on the skin.  <span class=\"Apple-converted-space\">\u00a0<\/span><\/p>\n<p><strong>Reduces:<\/strong> dullness, dark circles<\/p>\n<p><strong>Stimulates:<\/strong> healing, cell turnover, exfoliation, elasticity<\/p>\n<p><strong>Key Ingredients:<\/strong> organic apricot oil, essential oil of helichrysum italicum, Tamarindus indica extract (natural hyaluronic acid from seeds of Tamarindus)<\/p>\n<p>Free of parabens, paraffin, PEGs, artificial colors, and perfumes<\/p>\n<p><strong>How to use:<\/strong> apply on clean face day or night<\/p>","protected":false},"featured_media":1008,"comment_status":"open","ping_status":"closed","template":"","meta":[],"product_cat":[16],"product_tag":[],"yoast_head":"<!-- This site is optimized with the Yoast SEO plugin v20.13 - https:\/\/yoast.com\/wordpress\/plugins\/seo\/ -->\n<title>GLOW UP DROPS - ESTAR<\/title>\n<meta name=\"robots\" content=\"noindex, follow, max-snippet:-1, max-image-preview:large, max-video-preview:-1\" \/>\n<meta property=\"og:locale\" content=\"en_US\" \/>\n<meta property=\"og:type\" content=\"article\" \/>\n<meta property=\"og:title\" content=\"GLOW UP DROPS - ESTAR\" \/>\n<meta property=\"og:description\" content=\"33 \u20ac   Serum za negu lica i osve\u017eavanje\u00a0  \u201eObasjala je prostoriju kad je u\u0161la\u201c najlep\u0161i je kompliment od svih. Zato krenimo od prirodno zdrave blistave ko\u017ee.  Klju\u010dni sastojak ovog seruma, organsko ulje kajsije, poma\u017ee u bu\u0111enju sivkaste i umorne ko\u017ee, sjajan je \u201ebuster\u201c energije nakon kojeg ko\u017ea izgleda potpuno osve\u017eeno. Vitamini E, vitamin K i omega-3 poma\u017eu brzom zarastanju ko\u017ee stimuli\u0161u\u0107i obnovu \u0107elija. Ulje ko\u0161tica kajsije tako\u0111e mo\u017ee pomo\u0107i u prirodnom pilingu ko\u017ee jer zadr\u017eava vlagu i umanjuje podo\u010dnjake ispod o\u010diju. Linolna kiselina poma\u017ee u uklanjanju fleka nastalih usled suvo\u0107e ko\u017ee.  Ekstrakt Tamarindus indica je multifunkcionalni polisaharidni kompleks biljnog porekla za najnovije proizvode za negu ko\u017ee. Pobolj\u0161ava elasti\u010dnost i hidrataciju, a istovremeno daje izuzetan efekat zagla\u0111ivanja ko\u017ee. Redovnom upotrebom daje trajni, izuzetno prijatan bar\u0161unasti ose\u0107aj na ko\u017ei. \u00a0  Smanjuje: umoran izgled, podo\u010dnjake  Stimuli\u0161e: zarastanje, obnavljanje \u0107elija, piling, elasti\u010dnost  Klju\u010dni sastojci: oorgansko ulje kajsije, esencijalno ulje helichrusum italicum, ekstrakt Tamarindus indica (prirodna hijaluronska kiselina iz semena Tamarindusa)  Bez parabena, parafina, PEG-a, ve\u0161ta\u010dkih boja i parfema  Na\u010din upotrebe: nanositi na \u010disto lice danju ili no\u0107u\" \/>\n<meta property=\"og:url\" content=\"https:\/\/shopestar.elastalink.com\/en\/product\/glow-up-drops\/\" \/>\n<meta property=\"og:site_name\" content=\"ESTAR\" \/>\n<meta property=\"article:modified_time\" content=\"2021-10-19T09:16:56+00:00\" \/>\n<meta property=\"og:image\" content=\"https:\/\/shopestar.elastalink.com\/wp-content\/uploads\/2020\/12\/Estar-glow-up-drops1.jpg\" \/>\n\t<meta property=\"og:image:width\" content=\"1400\" \/>\n\t<meta property=\"og:image:height\" content=\"1750\" \/>\n\t<meta property=\"og:image:type\" content=\"image\/jpeg\" \/>\n<meta name=\"twitter:card\" content=\"summary_large_image\" \/>\n<script type=\"application\/ld+json\" class=\"yoast-schema-graph\">{\"@context\":\"https:\/\/schema.org\",\"@graph\":[{\"@type\":\"WebPage\",\"@id\":\"https:\/\/shopestar.elastalink.com\/product\/glow-up-drops\/\",\"url\":\"https:\/\/shopestar.elastalink.com\/product\/glow-up-drops\/\",\"name\":\"GLOW UP DROPS - ESTAR\",\"isPartOf\":{\"@id\":\"https:\/\/shopestar.elastalink.com\/#website\"},\"datePublished\":\"2020-12-10T00:37:58+00:00\",\"dateModified\":\"2021-10-19T09:16:56+00:00\",\"breadcrumb\":{\"@id\":\"https:\/\/shopestar.elastalink.com\/product\/glow-up-drops\/#breadcrumb\"},\"inLanguage\":\"en-US\",\"potentialAction\":[{\"@type\":\"ReadAction\",\"target\":[\"https:\/\/shopestar.elastalink.com\/product\/glow-up-drops\/\"]}]},{\"@type\":\"BreadcrumbList\",\"@id\":\"https:\/\/shopestar.elastalink.com\/product\/glow-up-drops\/#breadcrumb\",\"itemListElement\":[{\"@type\":\"ListItem\",\"position\":1,\"name\":\"Po\u010detna\",\"item\":\"https:\/\/shopestar.elastalink.com\/\"},{\"@type\":\"ListItem\",\"position\":2,\"name\":\"Shop\",\"item\":\"https:\/\/shopestar.elastalink.com\/shop\/\"},{\"@type\":\"ListItem\",\"position\":3,\"name\":\"GLOW UP DROPS\"}]},{\"@type\":\"WebSite\",\"@id\":\"https:\/\/shopestar.elastalink.com\/#website\",\"url\":\"https:\/\/shopestar.elastalink.com\/\",\"name\":\"ESTAR\",\"description\":\"Premium Clean Beauty serum\",\"potentialAction\":[{\"@type\":\"SearchAction\",\"target\":{\"@type\":\"EntryPoint\",\"urlTemplate\":\"https:\/\/shopestar.elastalink.com\/?s={search_term_string}\"},\"query-input\":\"required name=search_term_string\"}],\"inLanguage\":\"en-US\"}]}<\/script>\n<!-- \/ Yoast SEO plugin. -->","yoast_head_json":{"title":"GLOW UP DROPS - ESTAR","robots":{"index":"noindex","follow":"follow","max-snippet":"max-snippet:-1","max-image-preview":"max-image-preview:large","max-video-preview":"max-video-preview:-1"},"og_locale":"en_US","og_type":"article","og_title":"GLOW UP DROPS - ESTAR","og_description":"33 \u20ac   Serum za negu lica i osve\u017eavanje\u00a0  \u201eObasjala je prostoriju kad je u\u0161la\u201c najlep\u0161i je kompliment od svih. Zato krenimo od prirodno zdrave blistave ko\u017ee.  Klju\u010dni sastojak ovog seruma, organsko ulje kajsije, poma\u017ee u bu\u0111enju sivkaste i umorne ko\u017ee, sjajan je \u201ebuster\u201c energije nakon kojeg ko\u017ea izgleda potpuno osve\u017eeno. Vitamini E, vitamin K i omega-3 poma\u017eu brzom zarastanju ko\u017ee stimuli\u0161u\u0107i obnovu \u0107elija. Ulje ko\u0161tica kajsije tako\u0111e mo\u017ee pomo\u0107i u prirodnom pilingu ko\u017ee jer zadr\u017eava vlagu i umanjuje podo\u010dnjake ispod o\u010diju. Linolna kiselina poma\u017ee u uklanjanju fleka nastalih usled suvo\u0107e ko\u017ee.  Ekstrakt Tamarindus indica je multifunkcionalni polisaharidni kompleks biljnog porekla za najnovije proizvode za negu ko\u017ee. Pobolj\u0161ava elasti\u010dnost i hidrataciju, a istovremeno daje izuzetan efekat zagla\u0111ivanja ko\u017ee. Redovnom upotrebom daje trajni, izuzetno prijatan bar\u0161unasti ose\u0107aj na ko\u017ei. \u00a0  Smanjuje: umoran izgled, podo\u010dnjake  Stimuli\u0161e: zarastanje, obnavljanje \u0107elija, piling, elasti\u010dnost  Klju\u010dni sastojci: oorgansko ulje kajsije, esencijalno ulje helichrusum italicum, ekstrakt Tamarindus indica (prirodna hijaluronska kiselina iz semena Tamarindusa)  Bez parabena, parafina, PEG-a, ve\u0161ta\u010dkih boja i parfema  Na\u010din upotrebe: nanositi na \u010disto lice danju ili no\u0107u","og_url":"https:\/\/shopestar.elastalink.com\/en\/product\/glow-up-drops\/","og_site_name":"ESTAR","article_modified_time":"2021-10-19T09:16:56+00:00","og_image":[{"width":1400,"height":1750,"url":"https:\/\/shopestar.elastalink.com\/wp-content\/uploads\/2020\/12\/Estar-glow-up-drops1.jpg","type":"image\/jpeg"}],"twitter_card":"summary_large_image","schema":{"@context":"https:\/\/schema.org","@graph":[{"@type":"WebPage","@id":"https:\/\/shopestar.elastalink.com\/product\/glow-up-drops\/","url":"https:\/\/shopestar.elastalink.com\/product\/glow-up-drops\/","name":"GLOW UP DROPS - ESTAR","isPartOf":{"@id":"https:\/\/shopestar.elastalink.com\/#website"},"datePublished":"2020-12-10T00:37:58+00:00","dateModified":"2021-10-19T09:16:56+00:00","breadcrumb":{"@id":"https:\/\/shopestar.elastalink.com\/product\/glow-up-drops\/#breadcrumb"},"inLanguage":"en-US","potentialAction":[{"@type":"ReadAction","target":["https:\/\/shopestar.elastalink.com\/product\/glow-up-drops\/"]}]},{"@type":"BreadcrumbList","@id":"https:\/\/shopestar.elastalink.com\/product\/glow-up-drops\/#breadcrumb","itemListElement":[{"@type":"ListItem","position":1,"name":"Po\u010detna","item":"https:\/\/shopestar.elastalink.com\/"},{"@type":"ListItem","position":2,"name":"Shop","item":"https:\/\/shopestar.elastalink.com\/shop\/"},{"@type":"ListItem","position":3,"name":"GLOW UP DROPS"}]},{"@type":"WebSite","@id":"https:\/\/shopestar.elastalink.com\/#website","url":"https:\/\/shopestar.elastalink.com\/","name":"ESTAR","description":"Premium Clean Beauty serum","potentialAction":[{"@type":"SearchAction","target":{"@type":"EntryPoint","urlTemplate":"https:\/\/shopestar.elastalink.com\/?s={search_term_string}"},"query-input":"required name=search_term_string"}],"inLanguage":"en-US"}]}},"_links":{"self":[{"href":"https:\/\/shopestar.elastalink.com\/en\/wp-json\/wp\/v2\/product\/372"}],"collection":[{"href":"https:\/\/shopestar.elastalink.com\/en\/wp-json\/wp\/v2\/product"}],"about":[{"href":"https:\/\/shopestar.elastalink.com\/en\/wp-json\/wp\/v2\/types\/product"}],"replies":[{"embeddable":true,"href":"https:\/\/shopestar.elastalink.com\/en\/wp-json\/wp\/v2\/comments?post=372"}],"wp:featuredmedia":[{"embeddable":true,"href":"https:\/\/shopestar.elastalink.com\/en\/wp-json\/wp\/v2\/media\/1008"}],"wp:attachment":[{"href":"https:\/\/shopestar.elastalink.com\/en\/wp-json\/wp\/v2\/media?parent=372"}],"wp:term":[{"taxonomy":"product_cat","embeddable":true,"href":"https:\/\/shopestar.elastalink.com\/en\/wp-json\/wp\/v2\/product_cat?post=372"},{"taxonomy":"product_tag","embeddable":true,"href":"https:\/\/shopestar.elastalink.com\/en\/wp-json\/wp\/v2\/product_tag?post=372"}],"curies":[{"name":"wp","href":"https:\/\/api.w.org\/{rel}","templated":true}]}}