{"id":373,"date":"2020-12-10T00:40:02","date_gmt":"2020-12-10T00:40:02","guid":{"rendered":"https:\/\/shopestar.elastalink.com\/?post_type=product&#038;p=373"},"modified":"2021-10-19T09:16:04","modified_gmt":"2021-10-19T09:16:04","slug":"7-drops-of-oil","status":"publish","type":"product","link":"https:\/\/shopestar.elastalink.com\/en\/product\/7-drops-of-oil\/","title":{"rendered":"7 DROPS OF OIL"},"content":{"rendered":"","protected":false},"excerpt":{"rendered":"<p><big>33 \u20ac<\/big><\/p>\n<p><b> Beauty infusion <span class=\"Apple-converted-space\">\u00a0<\/span><\/b><\/p>\n<p>Grateful for this nature\u2019s powerful synergy \u2013 and proud we can share it with you.<\/p>\n<p>Much like your whole body never grows tired of optimal nutrition, neither does your skin: this wonderful formulation helps your skin become healthy, resilient, balanced, and radiant. It is the perfect choice for fortifying the skin barrier while smoothing, hydrating and healing it. Thanks to vitamin E, this serum stimulates the production of collagen and improves skin tone. This mighty vitamin, along with proanthocyanins from grape seed oil, increases the restoration rate of collagen and gives a more youthful looking skin.<\/p>\n<p><strong>Reduces:<\/strong> dryness and imperfections<\/p>\n<p><strong>Stimulates:<\/strong> production of collagen, healing, fortifying, smoothing<\/p>\n<p><strong>Key Ingredients:<\/strong> organic plum oil, grape seed oil, carrot seed oil, helichrysum italicum essential oil, tocopherol<\/p>\n<p>Free of parabens, paraffin, PEGs, artificial colors, and perfumes<\/p>\n<p><strong>How to use:<\/strong> apply on clean and wet face 3 times a week, instead of night cream. You can also use it as a luxury face massage oil.<\/p>","protected":false},"featured_media":1062,"comment_status":"open","ping_status":"closed","template":"","meta":[],"product_cat":[16],"product_tag":[],"yoast_head":"<!-- This site is optimized with the Yoast SEO plugin v20.13 - https:\/\/yoast.com\/wordpress\/plugins\/seo\/ -->\n<title>7 DROPS OF OIL - ESTAR<\/title>\n<meta name=\"robots\" content=\"noindex, follow, max-snippet:-1, max-image-preview:large, max-video-preview:-1\" \/>\n<meta property=\"og:locale\" content=\"en_US\" \/>\n<meta property=\"og:type\" content=\"article\" \/>\n<meta property=\"og:title\" content=\"7 DROPS OF OIL - ESTAR\" \/>\n<meta property=\"og:description\" content=\"33 \u20ac   Serum za negu i infuziju lepote \u00a0  Zahvalni smo za mo\u0107nu sinergiju ovih prirodnih sastojaka i ponosni \u0161to mo\u017eemo da je podelimo sa vama.  Sli\u010dno kao \u0161to se telo ne umara od optimalne ishrane, ne umara se ni va\u0161a ko\u017ea: ova divna formulacija poma\u017ee va\u0161oj ko\u017ei da postane zdrava, elasti\u010dna, uravnote\u017eena i blistava. Ovaj serum savr\u0161en je izbor za ja\u010danje ko\u017ene barijere dok je zagla\u0111uje, hidrira i le\u010di. Zahvaljuju\u0107i vitaminu E, on stimuli\u0161e proizvodnju kolagena i pobolj\u0161ava tonus ko\u017ee. Ovaj mo\u0107ni vitamin, zajedno sa proantocijaninima iz ulja semenki gro\u017e\u0111a, pove\u0107ava brzinu obnavljanja kolagena i daje ko\u017eu mla\u0111eg izgleda.  Smanjuje: suvo\u0107u i uklanja nedostatke  Stimuli\u0161e: proizvodnju kolagena, zarastanje, ja\u010danje, zagla\u0111ivanje  Klju\u010dni sastojci: organsko ulje \u0161ljive, ulje semenki gro\u017e\u0111a, ulje semena \u0161argarepe, esencijalno ulje helichrisum italicum, tokoferol  Bez parabena, parafina, PEG-a, ve\u0161ta\u010dkih boja i parfema  Na\u010din upotrebe: nanositi na \u010disto i mokro lice 3 puta nedeljno, umesto no\u0107ne kreme. Mo\u017eete ga koristiti i kao luksuzno ulje za masa\u017eu lica.\" \/>\n<meta property=\"og:url\" content=\"https:\/\/shopestar.elastalink.com\/en\/product\/7-drops-of-oil\/\" \/>\n<meta property=\"og:site_name\" content=\"ESTAR\" \/>\n<meta property=\"article:modified_time\" content=\"2021-10-19T09:16:04+00:00\" \/>\n<meta property=\"og:image\" content=\"https:\/\/shopestar.elastalink.com\/wp-content\/uploads\/2020\/12\/estar-7-drops-2.jpg\" \/>\n\t<meta property=\"og:image:width\" content=\"1400\" \/>\n\t<meta property=\"og:image:height\" content=\"1750\" \/>\n\t<meta property=\"og:image:type\" content=\"image\/jpeg\" \/>\n<meta name=\"twitter:card\" content=\"summary_large_image\" \/>\n<script type=\"application\/ld+json\" class=\"yoast-schema-graph\">{\"@context\":\"https:\/\/schema.org\",\"@graph\":[{\"@type\":\"WebPage\",\"@id\":\"https:\/\/shopestar.elastalink.com\/product\/7-drops-of-oil\/\",\"url\":\"https:\/\/shopestar.elastalink.com\/product\/7-drops-of-oil\/\",\"name\":\"7 DROPS OF OIL - ESTAR\",\"isPartOf\":{\"@id\":\"https:\/\/shopestar.elastalink.com\/#website\"},\"datePublished\":\"2020-12-10T00:40:02+00:00\",\"dateModified\":\"2021-10-19T09:16:04+00:00\",\"breadcrumb\":{\"@id\":\"https:\/\/shopestar.elastalink.com\/product\/7-drops-of-oil\/#breadcrumb\"},\"inLanguage\":\"en-US\",\"potentialAction\":[{\"@type\":\"ReadAction\",\"target\":[\"https:\/\/shopestar.elastalink.com\/product\/7-drops-of-oil\/\"]}]},{\"@type\":\"BreadcrumbList\",\"@id\":\"https:\/\/shopestar.elastalink.com\/product\/7-drops-of-oil\/#breadcrumb\",\"itemListElement\":[{\"@type\":\"ListItem\",\"position\":1,\"name\":\"Po\u010detna\",\"item\":\"https:\/\/shopestar.elastalink.com\/\"},{\"@type\":\"ListItem\",\"position\":2,\"name\":\"Shop\",\"item\":\"https:\/\/shopestar.elastalink.com\/shop\/\"},{\"@type\":\"ListItem\",\"position\":3,\"name\":\"7 DROPS OF OIL\"}]},{\"@type\":\"WebSite\",\"@id\":\"https:\/\/shopestar.elastalink.com\/#website\",\"url\":\"https:\/\/shopestar.elastalink.com\/\",\"name\":\"ESTAR\",\"description\":\"Premium Clean Beauty serum\",\"potentialAction\":[{\"@type\":\"SearchAction\",\"target\":{\"@type\":\"EntryPoint\",\"urlTemplate\":\"https:\/\/shopestar.elastalink.com\/?s={search_term_string}\"},\"query-input\":\"required name=search_term_string\"}],\"inLanguage\":\"en-US\"}]}<\/script>\n<!-- \/ Yoast SEO plugin. -->","yoast_head_json":{"title":"7 DROPS OF OIL - ESTAR","robots":{"index":"noindex","follow":"follow","max-snippet":"max-snippet:-1","max-image-preview":"max-image-preview:large","max-video-preview":"max-video-preview:-1"},"og_locale":"en_US","og_type":"article","og_title":"7 DROPS OF OIL - ESTAR","og_description":"33 \u20ac   Serum za negu i infuziju lepote \u00a0  Zahvalni smo za mo\u0107nu sinergiju ovih prirodnih sastojaka i ponosni \u0161to mo\u017eemo da je podelimo sa vama.  Sli\u010dno kao \u0161to se telo ne umara od optimalne ishrane, ne umara se ni va\u0161a ko\u017ea: ova divna formulacija poma\u017ee va\u0161oj ko\u017ei da postane zdrava, elasti\u010dna, uravnote\u017eena i blistava. Ovaj serum savr\u0161en je izbor za ja\u010danje ko\u017ene barijere dok je zagla\u0111uje, hidrira i le\u010di. Zahvaljuju\u0107i vitaminu E, on stimuli\u0161e proizvodnju kolagena i pobolj\u0161ava tonus ko\u017ee. Ovaj mo\u0107ni vitamin, zajedno sa proantocijaninima iz ulja semenki gro\u017e\u0111a, pove\u0107ava brzinu obnavljanja kolagena i daje ko\u017eu mla\u0111eg izgleda.  Smanjuje: suvo\u0107u i uklanja nedostatke  Stimuli\u0161e: proizvodnju kolagena, zarastanje, ja\u010danje, zagla\u0111ivanje  Klju\u010dni sastojci: organsko ulje \u0161ljive, ulje semenki gro\u017e\u0111a, ulje semena \u0161argarepe, esencijalno ulje helichrisum italicum, tokoferol  Bez parabena, parafina, PEG-a, ve\u0161ta\u010dkih boja i parfema  Na\u010din upotrebe: nanositi na \u010disto i mokro lice 3 puta nedeljno, umesto no\u0107ne kreme. Mo\u017eete ga koristiti i kao luksuzno ulje za masa\u017eu lica.","og_url":"https:\/\/shopestar.elastalink.com\/en\/product\/7-drops-of-oil\/","og_site_name":"ESTAR","article_modified_time":"2021-10-19T09:16:04+00:00","og_image":[{"width":1400,"height":1750,"url":"https:\/\/shopestar.elastalink.com\/wp-content\/uploads\/2020\/12\/estar-7-drops-2.jpg","type":"image\/jpeg"}],"twitter_card":"summary_large_image","schema":{"@context":"https:\/\/schema.org","@graph":[{"@type":"WebPage","@id":"https:\/\/shopestar.elastalink.com\/product\/7-drops-of-oil\/","url":"https:\/\/shopestar.elastalink.com\/product\/7-drops-of-oil\/","name":"7 DROPS OF OIL - ESTAR","isPartOf":{"@id":"https:\/\/shopestar.elastalink.com\/#website"},"datePublished":"2020-12-10T00:40:02+00:00","dateModified":"2021-10-19T09:16:04+00:00","breadcrumb":{"@id":"https:\/\/shopestar.elastalink.com\/product\/7-drops-of-oil\/#breadcrumb"},"inLanguage":"en-US","potentialAction":[{"@type":"ReadAction","target":["https:\/\/shopestar.elastalink.com\/product\/7-drops-of-oil\/"]}]},{"@type":"BreadcrumbList","@id":"https:\/\/shopestar.elastalink.com\/product\/7-drops-of-oil\/#breadcrumb","itemListElement":[{"@type":"ListItem","position":1,"name":"Po\u010detna","item":"https:\/\/shopestar.elastalink.com\/"},{"@type":"ListItem","position":2,"name":"Shop","item":"https:\/\/shopestar.elastalink.com\/shop\/"},{"@type":"ListItem","position":3,"name":"7 DROPS OF OIL"}]},{"@type":"WebSite","@id":"https:\/\/shopestar.elastalink.com\/#website","url":"https:\/\/shopestar.elastalink.com\/","name":"ESTAR","description":"Premium Clean Beauty serum","potentialAction":[{"@type":"SearchAction","target":{"@type":"EntryPoint","urlTemplate":"https:\/\/shopestar.elastalink.com\/?s={search_term_string}"},"query-input":"required name=search_term_string"}],"inLanguage":"en-US"}]}},"_links":{"self":[{"href":"https:\/\/shopestar.elastalink.com\/en\/wp-json\/wp\/v2\/product\/373"}],"collection":[{"href":"https:\/\/shopestar.elastalink.com\/en\/wp-json\/wp\/v2\/product"}],"about":[{"href":"https:\/\/shopestar.elastalink.com\/en\/wp-json\/wp\/v2\/types\/product"}],"replies":[{"embeddable":true,"href":"https:\/\/shopestar.elastalink.com\/en\/wp-json\/wp\/v2\/comments?post=373"}],"wp:featuredmedia":[{"embeddable":true,"href":"https:\/\/shopestar.elastalink.com\/en\/wp-json\/wp\/v2\/media\/1062"}],"wp:attachment":[{"href":"https:\/\/shopestar.elastalink.com\/en\/wp-json\/wp\/v2\/media?parent=373"}],"wp:term":[{"taxonomy":"product_cat","embeddable":true,"href":"https:\/\/shopestar.elastalink.com\/en\/wp-json\/wp\/v2\/product_cat?post=373"},{"taxonomy":"product_tag","embeddable":true,"href":"https:\/\/shopestar.elastalink.com\/en\/wp-json\/wp\/v2\/product_tag?post=373"}],"curies":[{"name":"wp","href":"https:\/\/api.w.org\/{rel}","templated":true}]}}